{"id":328,"date":"2024-09-18T22:22:32","date_gmt":"2024-09-18T20:22:32","guid":{"rendered":"https:\/\/ginie-sophrologie.fr\/?page_id=328"},"modified":"2024-12-14T12:27:54","modified_gmt":"2024-12-14T11:27:54","slug":"le-chemin-de-la-sophrologie","status":"publish","type":"page","link":"https:\/\/ginie-sophrologie.fr\/index.php\/le-chemin-de-la-sophrologie\/","title":{"rendered":"Le chemin de la Sophrologie"},"content":{"rendered":"\t\t<div data-elementor-type=\"wp-page\" data-elementor-id=\"328\" class=\"elementor elementor-328\">\n\t\t\t\t<div class=\"elementor-element elementor-element-d5da86b e-flex e-con-boxed e-con e-parent\" data-id=\"d5da86b\" data-element_type=\"container\">\n\t\t\t\t\t<div class=\"e-con-inner\">\n\t\t\t\t<div class=\"elementor-element elementor-element-3921bec elementor-widget elementor-widget-text-editor\" data-id=\"3921bec\" data-element_type=\"widget\" data-widget_type=\"text-editor.default\">\n\t\t\t\t<div class=\"elementor-widget-container\">\n\t\t\t\t\t\t\t\t\t<h6>Une vingtaine de minutes&#8230; ou un peu plus : Pratiques Sophrologiques D\u00e9taill\u00e9es<\/h6>\t\t\t\t\t\t\t\t<\/div>\n\t\t\t\t<\/div>\n\t\t\t\t\t<\/div>\n\t\t\t\t<\/div>\n\t\t<div class=\"elementor-element elementor-element-af2493f e-flex e-con-boxed e-con e-parent\" data-id=\"af2493f\" data-element_type=\"container\">\n\t\t\t\t\t<div class=\"e-con-inner\">\n\t\t\t\t<div class=\"elementor-element elementor-element-bfb7711 elementor-widget elementor-widget-text-editor\" data-id=\"bfb7711\" data-element_type=\"widget\" data-widget_type=\"text-editor.default\">\n\t\t\t\t<div class=\"elementor-widget-container\">\n\t\t\t\t\t\t\t\t\t<h5 style=\"text-align: left;\">\u00a0<\/h5><h5 style=\"text-align: left;\"><strong>Conscience de mon corps et d\u00e9tente : LA SOPHRONISATION DE BASE \u2013 SDB d\u00e9taill\u00e9e<\/strong><\/h5><div><p>\u00a0<strong>J<\/strong>e prends conscience de mon corps, et de ma capacit\u00e9 \u00e0 me d\u00e9tendre<\/p><\/div>\t\t\t\t\t\t\t\t<\/div>\n\t\t\t\t<\/div>\n\t\t\t\t<div class=\"elementor-element elementor-element-63e12a1 elementor-widget elementor-widget-button\" data-id=\"63e12a1\" data-element_type=\"widget\" data-widget_type=\"button.default\">\n\t\t\t\t<div class=\"elementor-widget-container\">\n\t\t\t\t\t\t\t\t\t<div class=\"elementor-button-wrapper\">\n\t\t\t\t\t<a class=\"elementor-button elementor-button-link elementor-size-sm\" href=\"http:\/\/angel-sauve-2.quickconnect.to\/as\/sharing\/35Uybxgu\/L211c2ljLzMtIExBIFNPUEhST05JU0FUSU9OIERFIEJBU0UubXAz\" target=\"_blank\">\n\t\t\t\t\t\t<span class=\"elementor-button-content-wrapper\">\n\t\t\t\t\t\t\t\t\t<span class=\"elementor-button-text\">La Sophronisation de Base<\/span>\n\t\t\t\t\t<\/span>\n\t\t\t\t\t<\/a>\n\t\t\t\t<\/div>\n\t\t\t\t\t\t\t\t<\/div>\n\t\t\t\t<\/div>\n\t\t\t\t\t<\/div>\n\t\t\t\t<\/div>\n\t\t<div class=\"elementor-element elementor-element-2ecee24 e-flex e-con-boxed e-con e-parent\" data-id=\"2ecee24\" data-element_type=\"container\">\n\t\t\t\t\t<div class=\"e-con-inner\">\n\t\t\t\t<div class=\"elementor-element elementor-element-d433f37 elementor-widget elementor-widget-text-editor\" data-id=\"d433f37\" data-element_type=\"widget\" data-widget_type=\"text-editor.default\">\n\t\t\t\t<div class=\"elementor-widget-container\">\n\t\t\t\t\t\t\t\t\t<p style=\"font-family: Lato, sans-serif; font-size: 14px; font-style: normal;\">\u00a0La Sophronisation de Base, une pratique pour me d\u00e9tendre et entrer tranquillement dans la m\u00e9thode\u2026 Par la r\u00e9p\u00e9tition, je d\u00e9couvre mon corps d\u00e9tendu, ses ressentis se r\u00e9v\u00e8lent, avec de plus en plus de finesse, comme un cadeau \u00e0 moi-m\u00eame.<\/p><p style=\"font-family: Lato, sans-serif; font-size: 14px; font-style: normal;\">\u00a0<\/p>\t\t\t\t\t\t\t\t<\/div>\n\t\t\t\t<\/div>\n\t\t\t\t<div class=\"elementor-element elementor-element-42463ac elementor-widget elementor-widget-text-editor\" data-id=\"42463ac\" data-element_type=\"widget\" data-widget_type=\"text-editor.default\">\n\t\t\t\t<div class=\"elementor-widget-container\">\n\t\t\t\t\t\t\t\t\t<h5 style=\"text-align: left;\">\u00a0<strong><span style=\"font-family: Lato, sans-serif; font-size: 24px; letter-spacing: 0px;\">LA SOPHRONISATION DE BASE\u00a0 VIVANTIELLE \u2013 SBV d\u00e9taill\u00e9e<\/span><\/strong><\/h5><div><p><strong>V<\/strong>ivantielle pour VIVANCE :\u00a0\u00a0Je vis mon corps, je prends conscience de sa pr\u00e9sence et je l\u2019active, syst\u00e8me par<em> syst\u00e8me.<\/em><\/p><\/div>\t\t\t\t\t\t\t\t<\/div>\n\t\t\t\t<\/div>\n\t\t\t\t\t<\/div>\n\t\t\t\t<\/div>\n\t\t<div class=\"elementor-element elementor-element-a24e036 e-flex e-con-boxed e-con e-parent\" data-id=\"a24e036\" data-element_type=\"container\">\n\t\t\t\t\t<div class=\"e-con-inner\">\n\t\t\t\t<div class=\"elementor-element elementor-element-3865203 elementor-widget elementor-widget-button\" data-id=\"3865203\" data-element_type=\"widget\" data-widget_type=\"button.default\">\n\t\t\t\t<div class=\"elementor-widget-container\">\n\t\t\t\t\t\t\t\t\t<div class=\"elementor-button-wrapper\">\n\t\t\t\t\t<a class=\"elementor-button elementor-button-link elementor-size-sm\" href=\"http:\/\/angel-sauve-2.quickconnect.to\/as\/sharing\/35Uybxgu\/L211c2ljLzQtTEEtU09QSFJPTklTQVRJT04tREUtQkFTRS1WSVZBTlRJRUxMRS5tcDM=\" target=\"_blank\" rel=\"nofollow\">\n\t\t\t\t\t\t<span class=\"elementor-button-content-wrapper\">\n\t\t\t\t\t\t\t\t\t<span class=\"elementor-button-text\">La Sophronisation de Base Vivantielle<\/span>\n\t\t\t\t\t<\/span>\n\t\t\t\t\t<\/a>\n\t\t\t\t<\/div>\n\t\t\t\t\t\t\t\t<\/div>\n\t\t\t\t<\/div>\n\t\t\t\t\t<\/div>\n\t\t\t\t<\/div>\n\t\t<div class=\"elementor-element elementor-element-adbf6b9 e-flex e-con-boxed e-con e-parent\" data-id=\"adbf6b9\" data-element_type=\"container\">\n\t\t\t\t\t<div class=\"e-con-inner\">\n\t\t\t\t<div class=\"elementor-element elementor-element-e2397d6 elementor-widget elementor-widget-text-editor\" data-id=\"e2397d6\" data-element_type=\"widget\" data-widget_type=\"text-editor.default\">\n\t\t\t\t<div class=\"elementor-widget-container\">\n\t\t\t\t\t\t\t\t\t<p><strong>S<\/strong>ophronisation de Base Vivantielle\u2026 <strong>LA BASE. <\/strong><strong>Premi\u00e8re technique cl\u00e9<\/strong>, incontournable, comme un premier pas sur le chemin de la sophrologie \u00e0 r\u00e9aliser, encore et encore !!!\u00a0 Par la r\u00e9p\u00e9tition, je d\u00e9couvre que cette guidance, toujours la m\u00eame, m\u2019ouvre \u00e0 un v\u00e9cu toujours diff\u00e9rent, toujours nouveau, l\u00e0, dans l\u2019instant,\u00a0 \u00e0 une conscience corporelle de Moi, comme une pr\u00e9sence qui se d\u00e9voile, qui doucement se r\u00e9v\u00e8le.\u2026<\/p><p>\u00a0<\/p>\t\t\t\t\t\t\t\t<\/div>\n\t\t\t\t<\/div>\n\t\t\t\t\t<\/div>\n\t\t\t\t<\/div>\n\t\t<div class=\"elementor-element elementor-element-f8df5df e-flex e-con-boxed e-con e-parent\" data-id=\"f8df5df\" data-element_type=\"container\">\n\t\t\t\t\t<div class=\"e-con-inner\">\n\t\t\t\t<div class=\"elementor-element elementor-element-9bcc597 elementor-widget elementor-widget-text-editor\" data-id=\"9bcc597\" data-element_type=\"widget\" data-widget_type=\"text-editor.default\">\n\t\t\t\t<div class=\"elementor-widget-container\">\n\t\t\t\t\t\t\t\t\t<h5 style=\"text-align: left;\"><strong>LE SOPHRO-DEPLACEMENT DU NEGATIF\u00a0 \u2013 SDN<\/strong><\/h5><p style=\"text-align: left;\"><strong>ou LIBERATION DES TENSIONS INUTILES.<\/strong><\/p><p style=\"text-align: left;\"><strong>U<\/strong>ne pratique synchronis\u00e9e \u00e0 la respiration\u00a0: toute <strong>mon attention<\/strong> centr\u00e9e sur L\u2019EXPIRATION\u00a0 (mouvement du souffle, de l\u2019int\u00e9rieur vers l\u2019ext\u00e9rieur), avec toute la force de <strong>mon intention<\/strong>\u00a0: ME LIBERER\u00a0<\/p>\t\t\t\t\t\t\t\t<\/div>\n\t\t\t\t<\/div>\n\t\t\t\t<div class=\"elementor-element elementor-element-10507a5 elementor-widget elementor-widget-button\" data-id=\"10507a5\" data-element_type=\"widget\" data-widget_type=\"button.default\">\n\t\t\t\t<div class=\"elementor-widget-container\">\n\t\t\t\t\t\t\t\t\t<div class=\"elementor-button-wrapper\">\n\t\t\t\t\t<a class=\"elementor-button elementor-button-link elementor-size-sm\" href=\"http:\/\/angel-sauve-2.quickconnect.to\/as\/sharing\/35Uybxgu\/L211c2ljLzUtTEUtU09QSFJPLURFUExBQ0VNRU5ULURVLU5FR0FUSUYubXAz\" target=\"_blank\" rel=\"nofollow\">\n\t\t\t\t\t\t<span class=\"elementor-button-content-wrapper\">\n\t\t\t\t\t\t\t\t\t<span class=\"elementor-button-text\">Le Sophro-D\u00e9placement Du N\u00e9gatif<\/span>\n\t\t\t\t\t<\/span>\n\t\t\t\t\t<\/a>\n\t\t\t\t<\/div>\n\t\t\t\t\t\t\t\t<\/div>\n\t\t\t\t<\/div>\n\t\t\t\t<div class=\"elementor-element elementor-element-e06a2a4 elementor-widget elementor-widget-text-editor\" data-id=\"e06a2a4\" data-element_type=\"widget\" data-widget_type=\"text-editor.default\">\n\t\t\t\t<div class=\"elementor-widget-container\">\n\t\t\t\t\t\t\t\t\t<p><em>\u00a0<\/em><strong>J<\/strong>e pratique cette s\u00e9ance, D<strong>euxi\u00e8me technique cl\u00e9<\/strong> en sophrologie, autant que possible.\u00a0<\/p><p>Les premi\u00e8res fois, je prends conscience de mes tensions, elles se d\u00e9voilent quand j\u2019y porte attention, et j\u2019apprends \u00e0 m\u2019en lib\u00e9rer, s\u00e9ance apr\u00e8s s\u00e9ance, jour apr\u00e8s jour, expiration apr\u00e8s expiration. Puis je deviens capable de me lib\u00e9rer rapidement, juste en quelques instants\u2026\u00a0<\/p><p>Et j\u2019avance sur mon chemin plus l\u00e9ger.<\/p><p>La force de cette pratique, c\u2019est sa r\u00e9p\u00e9tition\u2026 Pour inscrire la lib\u00e9ration dans chacune de mes expirations\u00a0!<\/p><p>\u00a0<\/p>\t\t\t\t\t\t\t\t<\/div>\n\t\t\t\t<\/div>\n\t\t\t\t\t<\/div>\n\t\t\t\t<\/div>\n\t\t<div class=\"elementor-element elementor-element-347928d e-flex e-con-boxed e-con e-parent\" data-id=\"347928d\" data-element_type=\"container\">\n\t\t\t\t\t<div class=\"e-con-inner\">\n\t\t\t\t<div class=\"elementor-element elementor-element-6b9cbac elementor-widget elementor-widget-text-editor\" data-id=\"6b9cbac\" data-element_type=\"widget\" data-widget_type=\"text-editor.default\">\n\t\t\t\t<div class=\"elementor-widget-container\">\n\t\t\t\t\t\t\t\t\t<h5 style=\"text-align: left;\"><strong>LA SOPHRO-PRESENCE DU POSITIF\u00a0 \u2013 SPP\u00a0<\/strong><\/h5><p style=\"text-align: left;\"><strong>ou SOPHRO-PRESENCE IMMEDIATE &#8211; SPI\u00a0<\/strong><\/p><p><strong>U<\/strong>ne pratique synchronis\u00e9e \u00e0 la respiration, le temps fort sur l&#8217;<strong>INSPIRATION<\/strong>, mouvement du dehors vers le dedans : je me remplis de positif,\u00a0 je le vis et je m\u2019en impr\u00e8gne. Je prends conscience de ma capacit\u00e9 \u00e0 <strong>SOMATISER LE POSITIF<\/strong>.<\/p>\t\t\t\t\t\t\t\t<\/div>\n\t\t\t\t<\/div>\n\t\t\t\t\t<\/div>\n\t\t\t\t<\/div>\n\t\t<div class=\"elementor-element elementor-element-61a34b0 e-flex e-con-boxed e-con e-parent\" data-id=\"61a34b0\" data-element_type=\"container\">\n\t\t\t\t\t<div class=\"e-con-inner\">\n\t\t\t\t<div class=\"elementor-element elementor-element-f33de93 elementor-widget elementor-widget-button\" data-id=\"f33de93\" data-element_type=\"widget\" data-widget_type=\"button.default\">\n\t\t\t\t<div class=\"elementor-widget-container\">\n\t\t\t\t\t\t\t\t\t<div class=\"elementor-button-wrapper\">\n\t\t\t\t\t<a class=\"elementor-button elementor-button-link elementor-size-sm\" href=\"http:\/\/angel-sauve-2.quickconnect.to\/as\/sharing\/35Uybxgu\/L211c2ljLzYtTEEtU09QSFJPLVBSRVNFTkNFLUlNTUVESUFURS5tcDM=\" target=\"_blank\" rel=\"nofollow\">\n\t\t\t\t\t\t<span class=\"elementor-button-content-wrapper\">\n\t\t\t\t\t\t\t\t\t<span class=\"elementor-button-text\">La Sophro-Pr\u00e9sence du Positif<\/span>\n\t\t\t\t\t<\/span>\n\t\t\t\t\t<\/a>\n\t\t\t\t<\/div>\n\t\t\t\t\t\t\t\t<\/div>\n\t\t\t\t<\/div>\n\t\t\t\t<div class=\"elementor-element elementor-element-14e389d elementor-widget elementor-widget-text-editor\" data-id=\"14e389d\" data-element_type=\"widget\" data-widget_type=\"text-editor.default\">\n\t\t\t\t<div class=\"elementor-widget-container\">\n\t\t\t\t\t\t\t\t\t<p><strong>U<\/strong>ne technique dynamisante, comme un pr\u00e9sent \u00e0 moi-m\u00eame <i>\u00a0: &#8220;Nous allons installer dans chacune\u00a0 des r\u00e9gions de notre corps le bien-\u00eatre n\u00e9cessaire \u00e0 sa protection&#8221; <\/i><em><strong>A. CAYCEDO<\/strong><\/em><\/p><p><em><strong>\u00a0<\/strong><\/em><\/p>\t\t\t\t\t\t\t\t<\/div>\n\t\t\t\t<\/div>\n\t\t\t\t\t<\/div>\n\t\t\t\t<\/div>\n\t\t<div class=\"elementor-element elementor-element-23c3d85 e-flex e-con-boxed e-con e-parent\" data-id=\"23c3d85\" data-element_type=\"container\">\n\t\t\t\t\t<div class=\"e-con-inner\">\n\t\t\t\t<div class=\"elementor-element elementor-element-e9827cc elementor-widget elementor-widget-text-editor\" data-id=\"e9827cc\" data-element_type=\"widget\" data-widget_type=\"text-editor.default\">\n\t\t\t\t<div class=\"elementor-widget-container\">\n\t\t\t\t\t\t\t\t\t<h5 style=\"text-align: left;\"><strong>LA SOPHRO-ACTIVATION VITALE &#8211; SAV<\/strong><\/h5><p><strong>Q<\/strong>uoique vous ressentiez, l\u00e0, dans l\u2019instant, quel que soit votre \u00e9tat d\u2019\u00eatre, votre corps vit. <strong>L<\/strong>a vie \u0153uvre en vous, elle se r\u00e9alise\u00a0: vos cellules, vos organes vous maintiennent vivant\u2026<\/p><p><strong>L<\/strong>a SAV est une pratique qui propose de soutenir le vivant en vous, de le renforcer et le dynamiser. C\u2019est avant tout un exercice de bonne sant\u00e9 orient\u00e9 sur une activation de la vitalit\u00e9, particuli\u00e8rement la vitalit\u00e9 des tissus et organes pr\u00e9sents dans chacune des r\u00e9gions de votre corps.<\/p>\t\t\t\t\t\t\t\t<\/div>\n\t\t\t\t<\/div>\n\t\t\t\t\t<\/div>\n\t\t\t\t<\/div>\n\t\t<div class=\"elementor-element elementor-element-a5d009a e-flex e-con-boxed e-con e-parent\" data-id=\"a5d009a\" data-element_type=\"container\">\n\t\t\t\t\t<div class=\"e-con-inner\">\n\t\t\t\t<div class=\"elementor-element elementor-element-41b4c4f elementor-widget elementor-widget-button\" data-id=\"41b4c4f\" data-element_type=\"widget\" data-widget_type=\"button.default\">\n\t\t\t\t<div class=\"elementor-widget-container\">\n\t\t\t\t\t\t\t\t\t<div class=\"elementor-button-wrapper\">\n\t\t\t\t\t<a class=\"elementor-button elementor-button-link elementor-size-sm\" href=\"http:\/\/angel-sauve-2.quickconnect.to\/as\/sharing\/35Uybxgu\/L211c2ljLzctTEEtU09QSFJPLUFDVElWQVRJT04tVklUQUxFLm1wMw==\" target=\"_blank\" rel=\"nofollow\">\n\t\t\t\t\t\t<span class=\"elementor-button-content-wrapper\">\n\t\t\t\t\t\t\t\t\t<span class=\"elementor-button-text\">La Sophro-Activation Vitale<\/span>\n\t\t\t\t\t<\/span>\n\t\t\t\t\t<\/a>\n\t\t\t\t<\/div>\n\t\t\t\t\t\t\t\t<\/div>\n\t\t\t\t<\/div>\n\t\t\t\t\t<\/div>\n\t\t\t\t<\/div>\n\t\t<div class=\"elementor-element elementor-element-e4d90ac e-flex e-con-boxed e-con e-parent\" data-id=\"e4d90ac\" data-element_type=\"container\">\n\t\t\t\t\t<div class=\"e-con-inner\">\n\t\t\t\t<div class=\"elementor-element elementor-element-1aaf6dd elementor-widget elementor-widget-text-editor\" data-id=\"1aaf6dd\" data-element_type=\"widget\" data-widget_type=\"text-editor.default\">\n\t\t\t\t<div class=\"elementor-widget-container\">\n\t\t\t\t\t\t\t\t\t<p><strong>L<\/strong>a SAV, troisi\u00e8me technique cl\u00e9\u00a0: une pratique majeure de la Sophrologie tout aussi puissante qu\u2019elle est simple,\u00a0 et qui vous permet de vous dynamiser de l\u2019int\u00e9rieur, de rencontrer le vivant en vous.<\/p>\t\t\t\t\t\t\t\t<\/div>\n\t\t\t\t<\/div>\n\t\t\t\t\t<\/div>\n\t\t\t\t<\/div>\n\t\t<div class=\"elementor-element elementor-element-2e89782 e-flex e-con-boxed e-con e-parent\" data-id=\"2e89782\" data-element_type=\"container\">\n\t\t\t\t\t<div class=\"e-con-inner\">\n\t\t\t\t<div class=\"elementor-element elementor-element-4eb8c1c elementor-widget elementor-widget-text-editor\" data-id=\"4eb8c1c\" data-element_type=\"widget\" data-widget_type=\"text-editor.default\">\n\t\t\t\t<div class=\"elementor-widget-container\">\n\t\t\t\t\t\t\t\t\t<h5 style=\"text-align: left;\"><strong>LA <\/strong><strong>SOPHRO ATTENTION \/ SOPHRO CONCENTRATION \u2013 SA \/ SC<\/strong><\/h5><p><strong>JE SUIS ATTENTIF, JE ME CONCENTRE,\u00a0 <\/strong><strong>JE POSE UN NOUVEAU REGARD<\/strong><\/p><p><em><strong>L<\/strong>&#8216;exercice de sophro-attention est une <strong>technique tr\u00e8s efficace<\/strong> pour travailler sur notre capacit\u00e9 d&#8217;attention et de concentration\u2026 ais\u00e9ment int\u00e9grable ensuite dans notre quotidien.\u00a0 <\/em><em>Cette pratique nous enseigne <strong>\u00ab\u00a0\u00e0 regarder en se gardant\u00a0\u00bb<\/strong>, ou, en d&#8217;autres termes, \u00e0 d\u00e9velopper une attention de soi simultan\u00e9e \u00e0 n&#8217;importe laquelle de nos activit\u00e9s ordinaires, et ainsi de nous apprendre \u00e0 mieux nous conna\u00eetre, gr\u00e2ce au pouvoir infini d&#8217;une perception plus directe<\/em><\/p>\t\t\t\t\t\t\t\t<\/div>\n\t\t\t\t<\/div>\n\t\t\t\t\t<\/div>\n\t\t\t\t<\/div>\n\t\t<div class=\"elementor-element elementor-element-9eb7139 e-flex e-con-boxed e-con e-parent\" data-id=\"9eb7139\" data-element_type=\"container\">\n\t\t\t\t\t<div class=\"e-con-inner\">\n\t\t\t\t<div class=\"elementor-element elementor-element-55ff92b elementor-widget elementor-widget-button\" data-id=\"55ff92b\" data-element_type=\"widget\" data-widget_type=\"button.default\">\n\t\t\t\t<div class=\"elementor-widget-container\">\n\t\t\t\t\t\t\t\t\t<div class=\"elementor-button-wrapper\">\n\t\t\t\t\t<a class=\"elementor-button elementor-button-link elementor-size-sm\" href=\"http:\/\/angel-sauve-2.quickconnect.to\/as\/sharing\/35Uybxgu\/L211c2ljLzgtU09QSFJPLUFUVEVOVElPTi1TT1BIUk8tQ09OQ0VOVFJBVElPTi5tcDM=\" target=\"_blank\" rel=\"nofollow\">\n\t\t\t\t\t\t<span class=\"elementor-button-content-wrapper\">\n\t\t\t\t\t\t\t\t\t<span class=\"elementor-button-text\">La Sophro-Attention  \/ Sophro Concentration<\/span>\n\t\t\t\t\t<\/span>\n\t\t\t\t\t<\/a>\n\t\t\t\t<\/div>\n\t\t\t\t\t\t\t\t<\/div>\n\t\t\t\t<\/div>\n\t\t\t\t\t<\/div>\n\t\t\t\t<\/div>\n\t\t<div class=\"elementor-element elementor-element-1f1624a e-flex e-con-boxed e-con e-parent\" data-id=\"1f1624a\" data-element_type=\"container\">\n\t\t\t\t\t<div class=\"e-con-inner\">\n\t\t\t\t<div class=\"elementor-element elementor-element-29f8a7f elementor-widget elementor-widget-text-editor\" data-id=\"29f8a7f\" data-element_type=\"widget\" data-widget_type=\"text-editor.default\">\n\t\t\t\t<div class=\"elementor-widget-container\">\n\t\t\t\t\t\t\t\t\t<p><em>Gr\u00e2ce \u00e0 cette pratique, je me rends compte qu&#8217;il m&#8217;est possible, avec plus de fr\u00e9quence, de dur\u00e9e et de profondeur, <strong>de garder une part de mon attention tourn\u00e9e vers moi-m\u00eame<\/strong>, \u00e9vitant ainsi \u00e0 cette derni\u00e8re d&#8217;\u00eatre constamment \u00ab\u00a0aspir\u00e9e\u00a0\u00bb, d\u00e9tourn\u00e9e, j\u2019ai presque envie de dire \u00ab\u00a0<strong>kidnapp\u00e9e\u00a0<\/strong>\u00bb par des \u00e9v\u00e9nements ext\u00e9rieurs qui sont parfois stressants, \u00e9nervants ou d\u00e9sagr\u00e9ables.\u00a0 <\/em><em>Cette technique d\u00e9veloppe ma pr\u00e9sence et ma conscience. J&#8217;apprends donc, peu \u00e0 peu, \u00e0 force d&#8217;entra\u00eenement, \u00e0 <strong>\u00eatre plus calme et plus serein.<\/strong><\/em><\/p>\t\t\t\t\t\t\t\t<\/div>\n\t\t\t\t<\/div>\n\t\t\t\t\t<\/div>\n\t\t\t\t<\/div>\n\t\t<div class=\"elementor-element elementor-element-3375d10 e-flex e-con-boxed e-con e-parent\" data-id=\"3375d10\" data-element_type=\"container\">\n\t\t\t\t\t<div class=\"e-con-inner\">\n\t\t\t\t<div class=\"elementor-element elementor-element-6e8a903 elementor-widget elementor-widget-text-editor\" data-id=\"6e8a903\" data-element_type=\"widget\" data-widget_type=\"text-editor.default\">\n\t\t\t\t<div class=\"elementor-widget-container\">\n\t\t\t\t\t\t\t\t\t<h5><strong>LE GESTE SIGNAL<\/strong><\/h5>\t\t\t\t\t\t\t\t<\/div>\n\t\t\t\t<\/div>\n\t\t\t\t\t<\/div>\n\t\t\t\t<\/div>\n\t\t<div class=\"elementor-element elementor-element-93e158d e-flex e-con-boxed e-con e-parent\" data-id=\"93e158d\" data-element_type=\"container\">\n\t\t\t\t\t<div class=\"e-con-inner\">\n\t\t<div class=\"elementor-element elementor-element-159d0ee e-con-full e-flex e-con e-child\" data-id=\"159d0ee\" data-element_type=\"container\">\n\t\t\t\t<div class=\"elementor-element elementor-element-1e7adff elementor-widget elementor-widget-button\" data-id=\"1e7adff\" data-element_type=\"widget\" data-widget_type=\"button.default\">\n\t\t\t\t<div class=\"elementor-widget-container\">\n\t\t\t\t\t\t\t\t\t<div class=\"elementor-button-wrapper\">\n\t\t\t\t\t<a class=\"elementor-button elementor-button-link elementor-size-sm\" href=\"http:\/\/angel-sauve-2.quickconnect.to\/as\/sharing\/35Uybxgu\/L211c2ljLzktTEUtR0VTVEUtU0lHTkFMLm1wMw==\" target=\"_blank\" rel=\"nofollow\">\n\t\t\t\t\t\t<span class=\"elementor-button-content-wrapper\">\n\t\t\t\t\t\t\t\t\t<span class=\"elementor-button-text\">Le Geste Signal<\/span>\n\t\t\t\t\t<\/span>\n\t\t\t\t\t<\/a>\n\t\t\t\t<\/div>\n\t\t\t\t\t\t\t\t<\/div>\n\t\t\t\t<\/div>\n\t\t\t\t<\/div>\n\t\t\t\t\t<\/div>\n\t\t\t\t<\/div>\n\t\t\t\t<\/div>\n\t\t","protected":false},"excerpt":{"rendered":"<p>Une vingtaine de minutes&#8230; ou un peu plus : Pratiques Sophrologiques D\u00e9taill\u00e9es \u00a0 Conscience de mon corps et d\u00e9tente : LA SOPHRONISATION DE BASE \u2013 SDB d\u00e9taill\u00e9e \u00a0Je prends conscience de mon corps, et de ma capacit\u00e9 \u00e0 me d\u00e9tendre La Sophronisation de Base \u00a0La Sophronisation de Base, une pratique pour me d\u00e9tendre et entrer <a class=\"read-more\" href=\"https:\/\/ginie-sophrologie.fr\/index.php\/le-chemin-de-la-sophrologie\/\">READ MORE<\/a><\/p>\n","protected":false},"author":1,"featured_media":0,"parent":0,"menu_order":0,"comment_status":"closed","ping_status":"closed","template":"","meta":{"footnotes":""},"class_list":["post-328","page","type-page","status-publish","hentry"],"_links":{"self":[{"href":"https:\/\/ginie-sophrologie.fr\/index.php\/wp-json\/wp\/v2\/pages\/328","targetHints":{"allow":["GET"]}}],"collection":[{"href":"https:\/\/ginie-sophrologie.fr\/index.php\/wp-json\/wp\/v2\/pages"}],"about":[{"href":"https:\/\/ginie-sophrologie.fr\/index.php\/wp-json\/wp\/v2\/types\/page"}],"author":[{"embeddable":true,"href":"https:\/\/ginie-sophrologie.fr\/index.php\/wp-json\/wp\/v2\/users\/1"}],"replies":[{"embeddable":true,"href":"https:\/\/ginie-sophrologie.fr\/index.php\/wp-json\/wp\/v2\/comments?post=328"}],"version-history":[{"count":136,"href":"https:\/\/ginie-sophrologie.fr\/index.php\/wp-json\/wp\/v2\/pages\/328\/revisions"}],"predecessor-version":[{"id":499,"href":"https:\/\/ginie-sophrologie.fr\/index.php\/wp-json\/wp\/v2\/pages\/328\/revisions\/499"}],"wp:attachment":[{"href":"https:\/\/ginie-sophrologie.fr\/index.php\/wp-json\/wp\/v2\/media?parent=328"}],"curies":[{"name":"wp","href":"https:\/\/api.w.org\/{rel}","templated":true}]}}